{"id":98,"date":"2018-10-15T08:22:04","date_gmt":"2018-10-15T06:22:04","guid":{"rendered":"http:\/\/grillhaus-kastanien-frankfurt.aaden.online\/index.php\/menu\/"},"modified":"2022-12-19T12:17:25","modified_gmt":"2022-12-19T11:17:25","slug":"menu","status":"publish","type":"page","link":"https:\/\/grillhaus-kastanien-frankfurt.aaden.online\/index.php\/menu\/","title":{"rendered":"MENU"},"content":{"rendered":"\t\t<div data-elementor-type=\"wp-post\" data-elementor-id=\"98\" class=\"elementor elementor-98\">\n\t\t\t\t\t\t<section class=\"elementor-section elementor-top-section elementor-element elementor-element-f79d30e elementor-section-boxed elementor-section-height-default elementor-section-height-default\" data-id=\"f79d30e\" data-element_type=\"section\" data-settings=\"{&quot;background_background&quot;:&quot;classic&quot;}\">\n\t\t\t\t\t\t\t<div class=\"elementor-background-overlay\"><\/div>\n\t\t\t\t\t\t\t<div class=\"elementor-container elementor-column-gap-no\">\n\t\t\t\t\t<div class=\"elementor-column elementor-col-50 elementor-top-column elementor-element elementor-element-ea9287a\" data-id=\"ea9287a\" data-element_type=\"column\">\n\t\t\t<div class=\"elementor-widget-wrap\">\n\t\t\t\t\t\t\t<\/div>\n\t\t<\/div>\n\t\t\t\t<div class=\"elementor-column elementor-col-50 elementor-top-column elementor-element elementor-element-2dc8edb\" data-id=\"2dc8edb\" data-element_type=\"column\">\n\t\t\t<div class=\"elementor-widget-wrap\">\n\t\t\t\t\t\t\t<\/div>\n\t\t<\/div>\n\t\t\t\t\t<\/div>\n\t\t<\/section>\n\t\t\t\t<section class=\"elementor-section elementor-top-section elementor-element elementor-element-b829aa3 elementor-section-boxed elementor-section-height-default elementor-section-height-default\" data-id=\"b829aa3\" data-element_type=\"section\">\n\t\t\t\t\t\t<div class=\"elementor-container elementor-column-gap-no\">\n\t\t\t\t\t<div class=\"elementor-column elementor-col-100 elementor-top-column elementor-element elementor-element-02d2da3\" data-id=\"02d2da3\" data-element_type=\"column\">\n\t\t\t<div class=\"elementor-widget-wrap\">\n\t\t\t\t\t\t\t<\/div>\n\t\t<\/div>\n\t\t\t\t\t<\/div>\n\t\t<\/section>\n\t\t\t\t<section class=\"elementor-section elementor-top-section elementor-element elementor-element-9d41438 elementor-section-boxed elementor-section-height-default elementor-section-height-default\" data-id=\"9d41438\" data-element_type=\"section\">\n\t\t\t\t\t\t<div class=\"elementor-container elementor-column-gap-default\">\n\t\t\t\t\t<div class=\"elementor-column elementor-col-100 elementor-top-column elementor-element elementor-element-4bb01a1\" data-id=\"4bb01a1\" data-element_type=\"column\">\n\t\t\t<div class=\"elementor-widget-wrap elementor-element-populated\">\n\t\t\t\t\t\t<div class=\"elementor-element elementor-element-99283c9 elementor-widget elementor-widget-heading\" data-id=\"99283c9\" data-element_type=\"widget\" data-widget_type=\"heading.default\">\n\t\t\t\t<div class=\"elementor-widget-container\">\n\t\t\t<h1 class=\"elementor-heading-title elementor-size-default\">Alle Gerichte <\/h1>\t\t<\/div>\n\t\t\t\t<\/div>\n\t\t\t\t\t<\/div>\n\t\t<\/div>\n\t\t\t\t\t<\/div>\n\t\t<\/section>\n\t\t\t\t<section class=\"elementor-section elementor-top-section elementor-element elementor-element-86380f0 elementor-section-boxed elementor-section-height-default elementor-section-height-default\" data-id=\"86380f0\" data-element_type=\"section\">\n\t\t\t\t\t\t<div class=\"elementor-container elementor-column-gap-default\">\n\t\t\t\t\t<div class=\"elementor-column elementor-col-100 elementor-top-column elementor-element elementor-element-933326d\" data-id=\"933326d\" data-element_type=\"column\">\n\t\t\t<div class=\"elementor-widget-wrap elementor-element-populated\">\n\t\t\t\t\t\t<div class=\"elementor-element elementor-element-210c326 elementor-arrows-position-inside elementor-pagination-position-outside elementor-widget elementor-widget-image-carousel\" data-id=\"210c326\" data-element_type=\"widget\" data-settings=\"{&quot;slides_to_show&quot;:&quot;3&quot;,&quot;navigation&quot;:&quot;both&quot;,&quot;autoplay&quot;:&quot;yes&quot;,&quot;pause_on_hover&quot;:&quot;yes&quot;,&quot;pause_on_interaction&quot;:&quot;yes&quot;,&quot;autoplay_speed&quot;:5000,&quot;infinite&quot;:&quot;yes&quot;,&quot;speed&quot;:500}\" data-widget_type=\"image-carousel.default\">\n\t\t\t\t<div class=\"elementor-widget-container\">\n\t\t\t\t\t<div class=\"elementor-image-carousel-wrapper swiper\" dir=\"ltr\">\n\t\t\t<div class=\"elementor-image-carousel swiper-wrapper\" aria-live=\"off\">\n\t\t\t\t\t\t\t\t<div class=\"swiper-slide\" role=\"group\" aria-roledescription=\"slide\" aria-label=\"1 of 19\"><figure class=\"swiper-slide-inner\"><img decoding=\"async\" class=\"swiper-slide-image\" src=\"https:\/\/grillhaus-kastanien-frankfurt.aaden.online\/wp-content\/uploads\/2022\/12\/Speisekarte-19122022_\u9875\u9762_05_\u56fe\u50cf_0001.png\" alt=\"Speisekarte 19122022_\u9875\u9762_05_\u56fe\u50cf_0001\" \/><\/figure><\/div><div class=\"swiper-slide\" role=\"group\" aria-roledescription=\"slide\" aria-label=\"2 of 19\"><figure class=\"swiper-slide-inner\"><img decoding=\"async\" class=\"swiper-slide-image\" src=\"https:\/\/grillhaus-kastanien-frankfurt.aaden.online\/wp-content\/uploads\/2022\/12\/Speisekarte-19122022_\u9875\u9762_06_\u56fe\u50cf_0001.png\" alt=\"Speisekarte 19122022_\u9875\u9762_06_\u56fe\u50cf_0001\" \/><\/figure><\/div><div class=\"swiper-slide\" role=\"group\" aria-roledescription=\"slide\" aria-label=\"3 of 19\"><figure class=\"swiper-slide-inner\"><img decoding=\"async\" class=\"swiper-slide-image\" src=\"https:\/\/grillhaus-kastanien-frankfurt.aaden.online\/wp-content\/uploads\/2022\/12\/Speisekarte-19122022_\u9875\u9762_07_\u56fe\u50cf_0001.png\" alt=\"Speisekarte 19122022_\u9875\u9762_07_\u56fe\u50cf_0001\" \/><\/figure><\/div><div class=\"swiper-slide\" role=\"group\" aria-roledescription=\"slide\" aria-label=\"4 of 19\"><figure class=\"swiper-slide-inner\"><img decoding=\"async\" class=\"swiper-slide-image\" src=\"https:\/\/grillhaus-kastanien-frankfurt.aaden.online\/wp-content\/uploads\/2022\/12\/Speisekarte-19122022_\u9875\u9762_08_\u56fe\u50cf_0001.png\" alt=\"Speisekarte 19122022_\u9875\u9762_08_\u56fe\u50cf_0001\" \/><\/figure><\/div><div class=\"swiper-slide\" role=\"group\" aria-roledescription=\"slide\" aria-label=\"5 of 19\"><figure class=\"swiper-slide-inner\"><img decoding=\"async\" class=\"swiper-slide-image\" src=\"https:\/\/grillhaus-kastanien-frankfurt.aaden.online\/wp-content\/uploads\/2022\/12\/Speisekarte-19122022_\u9875\u9762_09_\u56fe\u50cf_0001.png\" alt=\"Speisekarte 19122022_\u9875\u9762_09_\u56fe\u50cf_0001\" \/><\/figure><\/div><div class=\"swiper-slide\" role=\"group\" aria-roledescription=\"slide\" aria-label=\"6 of 19\"><figure class=\"swiper-slide-inner\"><img decoding=\"async\" class=\"swiper-slide-image\" src=\"https:\/\/grillhaus-kastanien-frankfurt.aaden.online\/wp-content\/uploads\/2022\/12\/Speisekarte-19122022_\u9875\u9762_15_\u56fe\u50cf_0001.png\" alt=\"Speisekarte 19122022_\u9875\u9762_15_\u56fe\u50cf_0001\" \/><\/figure><\/div><div class=\"swiper-slide\" role=\"group\" aria-roledescription=\"slide\" aria-label=\"7 of 19\"><figure class=\"swiper-slide-inner\"><img decoding=\"async\" class=\"swiper-slide-image\" src=\"https:\/\/grillhaus-kastanien-frankfurt.aaden.online\/wp-content\/uploads\/2022\/12\/Speisekarte-19122022_\u9875\u9762_16_\u56fe\u50cf_0001.png\" alt=\"Speisekarte 19122022_\u9875\u9762_16_\u56fe\u50cf_0001\" \/><\/figure><\/div><div class=\"swiper-slide\" role=\"group\" aria-roledescription=\"slide\" aria-label=\"8 of 19\"><figure class=\"swiper-slide-inner\"><img decoding=\"async\" class=\"swiper-slide-image\" src=\"https:\/\/grillhaus-kastanien-frankfurt.aaden.online\/wp-content\/uploads\/2022\/12\/Speisekarte-19122022_\u9875\u9762_17_\u56fe\u50cf_0001.png\" alt=\"Speisekarte 19122022_\u9875\u9762_17_\u56fe\u50cf_0001\" \/><\/figure><\/div><div class=\"swiper-slide\" role=\"group\" aria-roledescription=\"slide\" aria-label=\"9 of 19\"><figure class=\"swiper-slide-inner\"><img decoding=\"async\" class=\"swiper-slide-image\" src=\"https:\/\/grillhaus-kastanien-frankfurt.aaden.online\/wp-content\/uploads\/2022\/12\/Speisekarte-19122022_\u9875\u9762_18_\u56fe\u50cf_0001.png\" alt=\"Speisekarte 19122022_\u9875\u9762_18_\u56fe\u50cf_0001\" \/><\/figure><\/div><div class=\"swiper-slide\" role=\"group\" aria-roledescription=\"slide\" aria-label=\"10 of 19\"><figure class=\"swiper-slide-inner\"><img decoding=\"async\" class=\"swiper-slide-image\" src=\"https:\/\/grillhaus-kastanien-frankfurt.aaden.online\/wp-content\/uploads\/2022\/12\/Speisekarte-19122022_\u9875\u9762_19_\u56fe\u50cf_0001.png\" alt=\"Speisekarte 19122022_\u9875\u9762_19_\u56fe\u50cf_0001\" \/><\/figure><\/div><div class=\"swiper-slide\" role=\"group\" aria-roledescription=\"slide\" aria-label=\"11 of 19\"><figure class=\"swiper-slide-inner\"><img decoding=\"async\" class=\"swiper-slide-image\" src=\"https:\/\/grillhaus-kastanien-frankfurt.aaden.online\/wp-content\/uploads\/2022\/12\/Speisekarte-19122022_\u9875\u9762_20_\u56fe\u50cf_0001.png\" alt=\"Speisekarte 19122022_\u9875\u9762_20_\u56fe\u50cf_0001\" \/><\/figure><\/div><div class=\"swiper-slide\" role=\"group\" aria-roledescription=\"slide\" aria-label=\"12 of 19\"><figure class=\"swiper-slide-inner\"><img decoding=\"async\" class=\"swiper-slide-image\" src=\"https:\/\/grillhaus-kastanien-frankfurt.aaden.online\/wp-content\/uploads\/2022\/12\/Speisekarte-19122022_\u9875\u9762_13_\u56fe\u50cf_0001.png\" alt=\"Speisekarte 19122022_\u9875\u9762_13_\u56fe\u50cf_0001\" \/><\/figure><\/div><div class=\"swiper-slide\" role=\"group\" aria-roledescription=\"slide\" aria-label=\"13 of 19\"><figure class=\"swiper-slide-inner\"><img decoding=\"async\" class=\"swiper-slide-image\" src=\"https:\/\/grillhaus-kastanien-frankfurt.aaden.online\/wp-content\/uploads\/2022\/12\/Speisekarte-19122022_\u9875\u9762_10_\u56fe\u50cf_0001.png\" alt=\"Speisekarte 19122022_\u9875\u9762_10_\u56fe\u50cf_0001\" \/><\/figure><\/div><div class=\"swiper-slide\" role=\"group\" aria-roledescription=\"slide\" aria-label=\"14 of 19\"><figure class=\"swiper-slide-inner\"><img decoding=\"async\" class=\"swiper-slide-image\" src=\"https:\/\/grillhaus-kastanien-frankfurt.aaden.online\/wp-content\/uploads\/2022\/12\/Speisekarte-19122022_\u9875\u9762_11_\u56fe\u50cf_0001.png\" alt=\"Speisekarte 19122022_\u9875\u9762_11_\u56fe\u50cf_0001\" \/><\/figure><\/div><div class=\"swiper-slide\" role=\"group\" aria-roledescription=\"slide\" aria-label=\"15 of 19\"><figure class=\"swiper-slide-inner\"><img decoding=\"async\" class=\"swiper-slide-image\" src=\"https:\/\/grillhaus-kastanien-frankfurt.aaden.online\/wp-content\/uploads\/2022\/12\/Speisekarte-19122022_\u9875\u9762_12_\u56fe\u50cf_0001.png\" alt=\"Speisekarte 19122022_\u9875\u9762_12_\u56fe\u50cf_0001\" \/><\/figure><\/div><div class=\"swiper-slide\" role=\"group\" aria-roledescription=\"slide\" aria-label=\"16 of 19\"><figure class=\"swiper-slide-inner\"><img decoding=\"async\" class=\"swiper-slide-image\" src=\"https:\/\/grillhaus-kastanien-frankfurt.aaden.online\/wp-content\/uploads\/2022\/12\/Speisekarte-19122022_\u9875\u9762_14_\u56fe\u50cf_0001.png\" alt=\"Speisekarte 19122022_\u9875\u9762_14_\u56fe\u50cf_0001\" \/><\/figure><\/div><div class=\"swiper-slide\" role=\"group\" aria-roledescription=\"slide\" aria-label=\"17 of 19\"><figure class=\"swiper-slide-inner\"><img decoding=\"async\" class=\"swiper-slide-image\" src=\"https:\/\/grillhaus-kastanien-frankfurt.aaden.online\/wp-content\/uploads\/2022\/12\/Speisekarte-19122022_\u9875\u9762_02_\u56fe\u50cf_0001.png\" alt=\"Speisekarte 19122022_\u9875\u9762_02_\u56fe\u50cf_0001\" \/><\/figure><\/div><div class=\"swiper-slide\" role=\"group\" aria-roledescription=\"slide\" aria-label=\"18 of 19\"><figure class=\"swiper-slide-inner\"><img decoding=\"async\" class=\"swiper-slide-image\" src=\"https:\/\/grillhaus-kastanien-frankfurt.aaden.online\/wp-content\/uploads\/2022\/12\/Speisekarte-19122022_\u9875\u9762_03_\u56fe\u50cf_0001.png\" alt=\"Speisekarte 19122022_\u9875\u9762_03_\u56fe\u50cf_0001\" \/><\/figure><\/div><div class=\"swiper-slide\" role=\"group\" aria-roledescription=\"slide\" aria-label=\"19 of 19\"><figure class=\"swiper-slide-inner\"><img decoding=\"async\" class=\"swiper-slide-image\" src=\"https:\/\/grillhaus-kastanien-frankfurt.aaden.online\/wp-content\/uploads\/2022\/12\/Speisekarte-19122022_\u9875\u9762_04_\u56fe\u50cf_0001.png\" alt=\"Speisekarte 19122022_\u9875\u9762_04_\u56fe\u50cf_0001\" \/><\/figure><\/div>\t\t\t<\/div>\n\t\t\t\t\t\t\t\t\t\t\t\t<div class=\"elementor-swiper-button elementor-swiper-button-prev\" role=\"button\" tabindex=\"0\">\n\t\t\t\t\t\t<i aria-hidden=\"true\" class=\"eicon-chevron-left\"><\/i>\t\t\t\t\t<\/div>\n\t\t\t\t\t<div class=\"elementor-swiper-button elementor-swiper-button-next\" role=\"button\" tabindex=\"0\">\n\t\t\t\t\t\t<i aria-hidden=\"true\" class=\"eicon-chevron-right\"><\/i>\t\t\t\t\t<\/div>\n\t\t\t\t\n\t\t\t\t\t\t\t\t\t<div class=\"swiper-pagination\"><\/div>\n\t\t\t\t\t\t\t\t\t<\/div>\n\t\t\t\t<\/div>\n\t\t\t\t<\/div>\n\t\t\t\t\t<\/div>\n\t\t<\/div>\n\t\t\t\t\t<\/div>\n\t\t<\/section>\n\t\t\t\t<section class=\"elementor-section elementor-top-section elementor-element elementor-element-da670df elementor-section-boxed elementor-section-height-default elementor-section-height-default\" data-id=\"da670df\" data-element_type=\"section\">\n\t\t\t\t\t\t<div class=\"elementor-container elementor-column-gap-default\">\n\t\t\t\t\t<div class=\"elementor-column elementor-col-100 elementor-top-column elementor-element elementor-element-8bed967\" data-id=\"8bed967\" data-element_type=\"column\">\n\t\t\t<div class=\"elementor-widget-wrap elementor-element-populated\">\n\t\t\t\t\t\t<div class=\"elementor-element elementor-element-0229537 elementor-widget elementor-widget-heading\" data-id=\"0229537\" data-element_type=\"widget\" data-widget_type=\"heading.default\">\n\t\t\t\t<div class=\"elementor-widget-container\">\n\t\t\t<h1 class=\"elementor-heading-title elementor-size-default\">Getr\u00e4nke <\/h1>\t\t<\/div>\n\t\t\t\t<\/div>\n\t\t\t\t\t<\/div>\n\t\t<\/div>\n\t\t\t\t\t<\/div>\n\t\t<\/section>\n\t\t\t\t<section class=\"elementor-section elementor-top-section elementor-element elementor-element-b0aa239 elementor-section-boxed elementor-section-height-default elementor-section-height-default\" data-id=\"b0aa239\" data-element_type=\"section\">\n\t\t\t\t\t\t<div class=\"elementor-container elementor-column-gap-default\">\n\t\t\t\t\t<div class=\"elementor-column elementor-col-100 elementor-top-column elementor-element elementor-element-8355626\" data-id=\"8355626\" data-element_type=\"column\">\n\t\t\t<div class=\"elementor-widget-wrap elementor-element-populated\">\n\t\t\t\t\t\t<div class=\"elementor-element elementor-element-189dce5 elementor-arrows-position-inside elementor-pagination-position-outside elementor-widget elementor-widget-image-carousel\" data-id=\"189dce5\" data-element_type=\"widget\" data-settings=\"{&quot;navigation&quot;:&quot;both&quot;,&quot;autoplay&quot;:&quot;yes&quot;,&quot;pause_on_hover&quot;:&quot;yes&quot;,&quot;pause_on_interaction&quot;:&quot;yes&quot;,&quot;autoplay_speed&quot;:5000,&quot;infinite&quot;:&quot;yes&quot;,&quot;speed&quot;:500}\" data-widget_type=\"image-carousel.default\">\n\t\t\t\t<div class=\"elementor-widget-container\">\n\t\t\t\t\t<div class=\"elementor-image-carousel-wrapper swiper\" dir=\"ltr\">\n\t\t\t<div class=\"elementor-image-carousel swiper-wrapper\" aria-live=\"off\">\n\t\t\t\t\t\t\t\t<div class=\"swiper-slide\" role=\"group\" aria-roledescription=\"slide\" aria-label=\"1 of 3\"><figure class=\"swiper-slide-inner\"><img decoding=\"async\" class=\"swiper-slide-image\" src=\"https:\/\/grillhaus-kastanien-frankfurt.aaden.online\/wp-content\/uploads\/2022\/12\/Speisekarte-19122022_\u9875\u9762_01_\u56fe\u50cf_0001.png\" alt=\"Speisekarte 19122022_\u9875\u9762_01_\u56fe\u50cf_0001\" \/><\/figure><\/div><div class=\"swiper-slide\" role=\"group\" aria-roledescription=\"slide\" aria-label=\"2 of 3\"><figure class=\"swiper-slide-inner\"><img decoding=\"async\" class=\"swiper-slide-image\" src=\"https:\/\/grillhaus-kastanien-frankfurt.aaden.online\/wp-content\/uploads\/2022\/12\/Speisekarte-19122022_\u9875\u9762_22_\u56fe\u50cf_0001.png\" alt=\"Speisekarte 19122022_\u9875\u9762_22_\u56fe\u50cf_0001\" \/><\/figure><\/div><div class=\"swiper-slide\" role=\"group\" aria-roledescription=\"slide\" aria-label=\"3 of 3\"><figure class=\"swiper-slide-inner\"><img decoding=\"async\" class=\"swiper-slide-image\" src=\"https:\/\/grillhaus-kastanien-frankfurt.aaden.online\/wp-content\/uploads\/2022\/12\/Speisekarte-19122022_\u9875\u9762_21_\u56fe\u50cf_0001.png\" alt=\"Speisekarte 19122022_\u9875\u9762_21_\u56fe\u50cf_0001\" \/><\/figure><\/div>\t\t\t<\/div>\n\t\t\t\t\t\t\t\t\t\t\t\t<div class=\"elementor-swiper-button elementor-swiper-button-prev\" role=\"button\" tabindex=\"0\">\n\t\t\t\t\t\t<i aria-hidden=\"true\" class=\"eicon-chevron-left\"><\/i>\t\t\t\t\t<\/div>\n\t\t\t\t\t<div class=\"elementor-swiper-button elementor-swiper-button-next\" role=\"button\" tabindex=\"0\">\n\t\t\t\t\t\t<i aria-hidden=\"true\" class=\"eicon-chevron-right\"><\/i>\t\t\t\t\t<\/div>\n\t\t\t\t\n\t\t\t\t\t\t\t\t\t<div class=\"swiper-pagination\"><\/div>\n\t\t\t\t\t\t\t\t\t<\/div>\n\t\t\t\t<\/div>\n\t\t\t\t<\/div>\n\t\t\t\t\t<\/div>\n\t\t<\/div>\n\t\t\t\t\t<\/div>\n\t\t<\/section>\n\t\t\t\t<\/div>\n\t\t","protected":false},"excerpt":{"rendered":"<p>MENU Tasty Menu Today CHEF SELECTION Lassen Sie sich von uns verw\u00f6hnen und genie\u00dfen Sie das Grill-Feeling nicht nur im Sommer, sondern auch im Winter. Alle Gerichte Previous Next Getr\u00e4nke Previous Next<\/p>\n","protected":false},"author":1,"featured_media":0,"parent":0,"menu_order":0,"comment_status":"closed","ping_status":"closed","template":"templates\/page-builder-content.php","meta":{"footnotes":""},"class_list":["post-98","page","type-page","status-publish","hentry"],"_links":{"self":[{"href":"https:\/\/grillhaus-kastanien-frankfurt.aaden.online\/index.php\/wp-json\/wp\/v2\/pages\/98"}],"collection":[{"href":"https:\/\/grillhaus-kastanien-frankfurt.aaden.online\/index.php\/wp-json\/wp\/v2\/pages"}],"about":[{"href":"https:\/\/grillhaus-kastanien-frankfurt.aaden.online\/index.php\/wp-json\/wp\/v2\/types\/page"}],"author":[{"embeddable":true,"href":"https:\/\/grillhaus-kastanien-frankfurt.aaden.online\/index.php\/wp-json\/wp\/v2\/users\/1"}],"replies":[{"embeddable":true,"href":"https:\/\/grillhaus-kastanien-frankfurt.aaden.online\/index.php\/wp-json\/wp\/v2\/comments?post=98"}],"version-history":[{"count":48,"href":"https:\/\/grillhaus-kastanien-frankfurt.aaden.online\/index.php\/wp-json\/wp\/v2\/pages\/98\/revisions"}],"predecessor-version":[{"id":1094,"href":"https:\/\/grillhaus-kastanien-frankfurt.aaden.online\/index.php\/wp-json\/wp\/v2\/pages\/98\/revisions\/1094"}],"wp:attachment":[{"href":"https:\/\/grillhaus-kastanien-frankfurt.aaden.online\/index.php\/wp-json\/wp\/v2\/media?parent=98"}],"curies":[{"name":"wp","href":"https:\/\/api.w.org\/{rel}","templated":true}]}}